{"id":93,"date":"2023-11-18T00:32:03","date_gmt":"2023-11-18T00:32:03","guid":{"rendered":"https:\/\/autoclass.com.mx\/?page_id=93"},"modified":"2025-06-13T22:53:59","modified_gmt":"2025-06-13T22:53:59","slug":"que-ofrecemos","status":"publish","type":"page","link":"https:\/\/autoclass.com.mx\/index.php\/que-ofrecemos\/","title":{"rendered":"\u00bfQu\u00e9 ofrecemos?"},"content":{"rendered":"<p>[et_pb_section fb_built=\u00bb1&#8243; admin_label=\u00bbHeader\u00bb _builder_version=\u00bb4.21.0&#8243; _module_preset=\u00bbdefault\u00bb use_background_color_gradient=\u00bbon\u00bb background_color_gradient_stops=\u00bb#532f74 0%|rgba(223,226,231,0.8) 94%\u00bb background_color_gradient_overlays_image=\u00bbon\u00bb background_image=\u00bbhttps:\/\/autoclass.com.mx\/wp-content\/uploads\/2023\/11\/PXL06313-scaled.jpg\u00bb custom_padding=\u00bb0px||||false|false\u00bb collapsed=\u00bbon\u00bb global_colors_info=\u00bb{}\u00bb][et_pb_row column_structure=\u00bb3_5,2_5&#8243; _builder_version=\u00bb4.21.0&#8243; _module_preset=\u00bbdefault\u00bb custom_padding=\u00bb0px||||false|false\u00bb global_colors_info=\u00bb{}\u00bb][et_pb_column type=\u00bb3_5&#8243; _builder_version=\u00bb4.19.2&#8243; _module_preset=\u00bbdefault\u00bb global_colors_info=\u00bb{}\u00bb][et_pb_text _builder_version=\u00bb4.21.0&#8243; _module_preset=\u00bbdefault\u00bb text_font=\u00bbAdvent Pro|600|||||||\u00bb text_text_color=\u00bb#FFFFFF\u00bb text_font_size=\u00bb50px\u00bb custom_padding=\u00bb122px||25px|||\u00bb global_colors_info=\u00bb{}\u00bb]<\/p>\n<p>\u00bfQu\u00e9 ofrecemos?<\/p>\n<p>[\/et_pb_text][et_pb_image src=\u00bbhttps:\/\/autoclass.com.mx\/wp-content\/uploads\/2023\/11\/PXL06264-scaled.jpg\u00bb title_text=\u00bbPXL06264&#8243; _builder_version=\u00bb4.21.0&#8243; _module_preset=\u00bbdefault\u00bb box_shadow_style=\u00bbpreset2&#8243; global_colors_info=\u00bb{}\u00bb][\/et_pb_image][\/et_pb_column][et_pb_column type=\u00bb2_5&#8243; _builder_version=\u00bb4.21.0&#8243; _module_preset=\u00bbdefault\u00bb background_color=\u00bb#e51992&#8243; custom_padding=\u00bb16vw|40px|40px|40px|false|true\u00bb custom_padding_tablet=\u00bb30px|30px|30px|30px|true|true\u00bb custom_padding_phone=\u00bb20px|20px|20px|20px|true|true\u00bb custom_padding_last_edited=\u00bbon|tablet\u00bb global_colors_info=\u00bb{}\u00bb][et_pb_text _builder_version=\u00bb4.21.0&#8243; _module_preset=\u00bbffc95beb-449a-449e-b735-23b03870a72e\u00bb text_text_color=\u00bb#FFFFFF\u00bb text_font_size=\u00bb20px\u00bb custom_margin=\u00bb||4px|||\u00bb custom_padding=\u00bb||0px|||\u00bb global_colors_info=\u00bb{}\u00bb]<\/p>\n<p>Nuestro objetivo es crear soluciones de transportaci\u00f3n de acuerdo con los requerimientos del cliente.<\/p>\n<p>&nbsp;<\/p>\n<p>[\/et_pb_text][et_pb_text _builder_version=\u00bb4.21.0&#8243; _module_preset=\u00bbdefault\u00bb text_font=\u00bbAdvent Pro||||||||\u00bb text_text_color=\u00bb#FFFFFF\u00bb text_font_size=\u00bb28px\u00bb global_colors_info=\u00bb{}\u00bb]<\/p>\n<p>VIAJES ESPECIALES<\/p>\n<p>[\/et_pb_text][et_pb_text _builder_version=\u00bb4.21.0&#8243; _module_preset=\u00bbdefault\u00bb text_text_color=\u00bb#FFFFFF\u00bb text_font_size=\u00bb20px\u00bb global_colors_info=\u00bb{}\u00bb]<\/p>\n<p>Contr\u00e1tenos para sus viajes familiares, excursiones, viajes escolares, visitas for\u00e1neas, etc.<\/p>\n<p><strong>Viaje seguro con servicio de primera.<\/strong><\/p>\n<p>[\/et_pb_text][\/et_pb_column][\/et_pb_row][\/et_pb_section][et_pb_section fb_built=\u00bb1&#8243; admin_label=\u00bbServices\u00bb _builder_version=\u00bb4.19.2&#8243; _module_preset=\u00bbdefault\u00bb overflow-x=\u00bbhidden\u00bb overflow-y=\u00bbhidden\u00bb saved_tabs=\u00bball\u00bb collapsed=\u00bbon\u00bb global_colors_info=\u00bb{}\u00bb][et_pb_row _builder_version=\u00bb4.19.2&#8243; _module_preset=\u00bbdefault\u00bb global_colors_info=\u00bb{}\u00bb][et_pb_column type=\u00bb4_4&#8243; _builder_version=\u00bb4.19.2&#8243; _module_preset=\u00bbdefault\u00bb global_colors_info=\u00bb{}\u00bb][et_pb_text _builder_version=\u00bb4.21.0&#8243; _module_preset=\u00bbdefault\u00bb text_font=\u00bbAdvent Pro|600|||||||\u00bb text_text_color=\u00bb#532f74&#8243; text_font_size=\u00bb50px\u00bb custom_padding=\u00bb||37px|||\u00bb global_colors_info=\u00bb{}\u00bb]<\/p>\n<p style=\"text-align: center;\">Nuestra Flota<\/p>\n<p>[\/et_pb_text][et_pb_text _builder_version=\u00bb4.21.0&#8243; _module_preset=\u00bbdefault\u00bb text_font_size=\u00bb20px\u00bb global_colors_info=\u00bb{}\u00bb]<\/p>\n<p style=\"text-align: center;\">Con una flota moderna y totalmente equipada, le brindamos la mayor comodidad y seguridad en todos sus viajes.<\/p>\n<p>[\/et_pb_text][et_pb_text _builder_version=\u00bb4.21.0&#8243; _module_preset=\u00bbdefault\u00bb global_colors_info=\u00bb{}\u00bb]<\/p>\n<p style=\"text-align: center;\">* Todas nuestras unidades cuentan con GPS (rastreo satelital) y tambi\u00e9n con cargadores USB para sus dispositivos.<br \/>*AV: Audio \/ Video<\/p>\n<p>[\/et_pb_text][\/et_pb_column][\/et_pb_row][et_pb_row column_structure=\u00bb1_3,1_3,1_3&#8243; _builder_version=\u00bb4.19.2&#8243; _module_preset=\u00bbdefault\u00bb global_colors_info=\u00bb{}\u00bb][et_pb_column type=\u00bb1_3&#8243; _builder_version=\u00bb4.19.2&#8243; _module_preset=\u00bbdefault\u00bb global_colors_info=\u00bb{}\u00bb][et_pb_image src=\u00bbhttps:\/\/autoclass.com.mx\/wp-content\/uploads\/2023\/12\/sprint.png\u00bb title_text=\u00bbsprint\u00bb align=\u00bbcenter\u00bb _builder_version=\u00bb4.21.0&#8243; _module_preset=\u00bbdefault\u00bb custom_margin=\u00bb||20px||false|false\u00bb global_colors_info=\u00bb{}\u00bb][\/et_pb_image][et_pb_text _builder_version=\u00bb4.21.0&#8243; _module_preset=\u00bbdefault\u00bb text_font=\u00bbAdvent Pro||||||||\u00bb text_text_color=\u00bb#532f74&#8243; text_font_size=\u00bb20px\u00bb global_colors_info=\u00bb{}\u00bb]<\/p>\n<p style=\"text-align: center;\">Mercedes Benz<br \/>Sprinter<\/p>\n<p>[\/et_pb_text][et_pb_text _builder_version=\u00bb4.21.0&#8243; _module_preset=\u00bbdefault\u00bb global_colors_info=\u00bb{}\u00bb]<\/p>\n<p style=\"text-align: center;\">\uf0a7 20 pasajeros<br \/>\uf0a7 Seguro de viajero<br \/>\uf0a7 Asientos reclinables<br \/>\uf0a7 1 pantalla AV<br \/>\uf0a7 Audio y Video<br \/>\uf0a7 Aire acondicionado<br \/>\uf0a7 Contacto el\u00e9ctrico<br \/>\uf0a7 Amplio maletero<\/p>\n<p>[\/et_pb_text][\/et_pb_column][et_pb_column type=\u00bb1_3&#8243; _builder_version=\u00bb4.19.2&#8243; _module_preset=\u00bbdefault\u00bb global_colors_info=\u00bb{}\u00bb][et_pb_image src=\u00bbhttps:\/\/autoclass.com.mx\/wp-content\/uploads\/2023\/11\/Captura-de-pantalla-2023-11-30-a-las-5.06.56\u202fp.m.png\u00bb title_text=\u00bbCaptura de pantalla 2023-11-30 a la(s) 5.06.56\u202fp.m.\u00bb align=\u00bbcenter\u00bb _builder_version=\u00bb4.21.0&#8243; _module_preset=\u00bbdefault\u00bb custom_margin=\u00bb||20px||false|false\u00bb global_colors_info=\u00bb{}\u00bb][\/et_pb_image][et_pb_text _builder_version=\u00bb4.21.0&#8243; _module_preset=\u00bbdefault\u00bb text_font=\u00bbAdvent Pro||||||||\u00bb text_text_color=\u00bb#532f74&#8243; text_font_size=\u00bb20px\u00bb global_colors_info=\u00bb{}\u00bb]<\/p>\n<p style=\"text-align: center;\">Irizar<br \/>i6<\/p>\n<p>[\/et_pb_text][et_pb_text _builder_version=\u00bb4.21.0&#8243; _module_preset=\u00bbdefault\u00bb global_colors_info=\u00bb{}\u00bb]<\/p>\n<p style=\"text-align: center;\">\uf0a7 51 pasajeros<br \/>\uf0a7 Seguro de viajero<br \/>\uf0a7 Asientos reclinables<br \/>\uf0a7 6 pantallas AV<br \/>\uf0a7 WC de emergencias<br \/>\uf0a7 Aire acondicionado<br \/>\uf0a7 Conexiones USB<br \/>\uf0a7 Portaequipaje<\/p>\n<p>[\/et_pb_text][\/et_pb_column][et_pb_column type=\u00bb1_3&#8243; _builder_version=\u00bb4.19.2&#8243; _module_preset=\u00bbdefault\u00bb global_colors_info=\u00bb{}\u00bb][et_pb_image src=\u00bbhttps:\/\/autoclass.com.mx\/wp-content\/uploads\/2023\/11\/Captura-de-pantalla-2023-11-30-a-las-5.07.02\u202fp.m.png\u00bb title_text=\u00bbCaptura de pantalla 2023-11-30 a la(s) 5.07.02\u202fp.m.\u00bb _builder_version=\u00bb4.21.0&#8243; _module_preset=\u00bbdefault\u00bb custom_margin=\u00bb||20px||false|false\u00bb global_colors_info=\u00bb{}\u00bb][\/et_pb_image][et_pb_text _builder_version=\u00bb4.21.0&#8243; _module_preset=\u00bbdefault\u00bb text_font=\u00bbAdvent Pro||||||||\u00bb text_text_color=\u00bb#532f74&#8243; text_font_size=\u00bb20px\u00bb global_colors_info=\u00bb{}\u00bb]<\/p>\n<p style=\"text-align: center;\">Irizar<br \/>i8<\/p>\n<p>[\/et_pb_text][et_pb_text _builder_version=\u00bb4.21.0&#8243; _module_preset=\u00bbdefault\u00bb global_colors_info=\u00bb{}\u00bb]<\/p>\n<p style=\"text-align: center;\">46 pasajeros<br \/>\uf0a7 Seguro de viajero<br \/>\uf0a7 Asientos reclinables<br \/>\uf0a7 5 pantallas AV<br \/>\uf0a7 WC de emergencias<br \/>\uf0a7 Aire acondicionado<br \/>\uf0a7 Conexiones USB<br \/>\uf0a7 Portaequipaje<\/p>\n<p>[\/et_pb_text][\/et_pb_column][\/et_pb_row][\/et_pb_section][et_pb_section fb_built=\u00bb1&#8243; _builder_version=\u00bb4.21.0&#8243; _module_preset=\u00bbdefault\u00bb global_colors_info=\u00bb{}\u00bb][et_pb_row _builder_version=\u00bb4.21.0&#8243; _module_preset=\u00bbdefault\u00bb global_colors_info=\u00bb{}\u00bb][et_pb_column type=\u00bb4_4&#8243; _builder_version=\u00bb4.21.0&#8243; _module_preset=\u00bbdefault\u00bb global_colors_info=\u00bb{}\u00bb][et_pb_gallery gallery_ids=\u00bb146,147,148,149,150,151,154,155,156,157,158&#8243; show_title_and_caption=\u00bboff\u00bb show_pagination=\u00bboff\u00bb _builder_version=\u00bb4.21.0&#8243; _module_preset=\u00bbdefault\u00bb global_colors_info=\u00bb{}\u00bb][\/et_pb_gallery][\/et_pb_column][\/et_pb_row][\/et_pb_section][et_pb_section fb_built=\u00bb1&#8243; admin_label=\u00bbFooter\u00bb _builder_version=\u00bb4.21.0&#8243; _module_preset=\u00bbdefault\u00bb background_color=\u00bb#532f74&#8243; overflow-x=\u00bbhidden\u00bb overflow-y=\u00bbhidden\u00bb custom_padding=\u00bb0px||||false|false\u00bb saved_tabs=\u00bball\u00bb collapsed=\u00bbon\u00bb global_colors_info=\u00bb{}\u00bb][et_pb_row _builder_version=\u00bb4.19.2&#8243; _module_preset=\u00bbdefault\u00bb max_width=\u00bbnone\u00bb custom_padding=\u00bb17px||17px||true|false\u00bb global_colors_info=\u00bb{}\u00bb][et_pb_column type=\u00bb4_4&#8243; _builder_version=\u00bb4.19.2&#8243; _module_preset=\u00bbdefault\u00bb global_colors_info=\u00bb{}\u00bb][\/et_pb_column][\/et_pb_row][et_pb_row column_structure=\u00bb1_3,1_3,1_3&#8243; _builder_version=\u00bb4.21.0&#8243; _module_preset=\u00bbdefault\u00bb custom_margin=\u00bb26px|auto|-12px|auto||\u00bb custom_padding=\u00bb||47px||false|false\u00bb global_colors_info=\u00bb{}\u00bb][et_pb_column type=\u00bb1_3&#8243; _builder_version=\u00bb4.19.2&#8243; _module_preset=\u00bbdefault\u00bb global_colors_info=\u00bb{}\u00bb][et_pb_text _builder_version=\u00bb4.19.2&#8243; _module_preset=\u00bbb77ba018-c2c0-42f4-88c7-302d339f9b13&#8243; header_3_text_color=\u00bb#FFFFFF\u00bb custom_padding=\u00bb|46px||||\u00bb global_colors_info=\u00bb{}\u00bb]<\/p>\n<h3>Somos EXPERTOS en grupos.<\/h3>\n<p>[\/et_pb_text][et_pb_text _builder_version=\u00bb4.21.0&#8243; _module_preset=\u00bbdefault\u00bb text_text_color=\u00bb#FFFFFF\u00bb width=\u00bb88.2%\u00bb custom_padding=\u00bb||0px|||\u00bb global_colors_info=\u00bb{}\u00bb]<\/p>\n<p><strong>COTIZACIONES<\/strong><\/p>\n<p><strong>\u00a1Le brindamos el mejor servicio, con las mejores unidades, a los mejores precios!<\/strong><\/p>\n<p>Env\u00edenos un correo con sus datos y la informaci\u00f3n de su viaje y nos pondremos en contacto con usted para cotizar su servicio. Gracias por su preferencia.<\/p>\n<p>&nbsp;<\/p>\n<p>[\/et_pb_text][et_pb_icon font_icon=\u00bb&#xe076;||divi||400&#8243; icon_color=\u00bb#FFFFFF\u00bb icon_width=\u00bb41px\u00bb align=\u00bbleft\u00bb _builder_version=\u00bb4.21.0&#8243; _module_preset=\u00bbdefault\u00bb custom_margin=\u00bb-32px||4px||false|false\u00bb global_colors_info=\u00bb{}\u00bb][\/et_pb_icon][et_pb_text _builder_version=\u00bb4.21.0&#8243; _module_preset=\u00bbdefault\u00bb text_font=\u00bb|700|||||||\u00bb text_text_color=\u00bb#FFFFFF\u00bb text_font_size=\u00bb18px\u00bb global_colors_info=\u00bb{}\u00bb]<\/p>\n<p><span>gerencia@autoclass.com.mx<\/span><\/p>\n<p>[\/et_pb_text][et_pb_icon font_icon=\u00bb&#xf232;||fa||400&#8243; icon_color=\u00bb#FFFFFF\u00bb icon_width=\u00bb41px\u00bb align=\u00bbleft\u00bb _builder_version=\u00bb4.21.0&#8243; _module_preset=\u00bbdefault\u00bb custom_margin=\u00bb-9px||4px||false|false\u00bb global_colors_info=\u00bb{}\u00bb][\/et_pb_icon][et_pb_text _builder_version=\u00bb4.27.4&#8243; _module_preset=\u00bbdefault\u00bb text_font=\u00bb|700|||||||\u00bb text_text_color=\u00bb#FFFFFF\u00bb text_font_size=\u00bb18px\u00bb hover_enabled=\u00bb0&#8243; global_colors_info=\u00bb{}\u00bb sticky_enabled=\u00bb0&#8243;]<\/p>\n<p><span>(449) 220 1993<\/span><\/p>\n<p>[\/et_pb_text][\/et_pb_column][et_pb_column type=\u00bb1_3&#8243; _builder_version=\u00bb4.19.2&#8243; _module_preset=\u00bbdefault\u00bb global_colors_info=\u00bb{}\u00bb][et_pb_image src=\u00bbhttps:\/\/autoclass.com.mx\/wp-content\/uploads\/2023\/11\/PXL06531-scaled.jpg\u00bb title_text=\u00bbPXL06531&#8243; force_fullwidth=\u00bbon\u00bb _builder_version=\u00bb4.21.0&#8243; _module_preset=\u00bbdefault\u00bb transform_scale=\u00bb142%|142%\u00bb global_colors_info=\u00bb{}\u00bb][et_pb_slider _builder_version=\u00bb4.19.2&#8243; _module_preset=\u00bb62f4629e-5e68-4702-a8e4-77d18c1413c9&#8243; locked=\u00bboff\u00bb global_colors_info=\u00bb{}\u00bb][et_pb_slide heading=\u00bb%22Lorem ipsum dolor sit amet, consectetur adipiscing elit. Donec sed finibus nisi, sed dictum eros. Quisque aliquet velit sit amet sem interdum faucibus. In feugiat aliquet mollis etiam tincidunt ligula.%22&#8243; _builder_version=\u00bb4.19.2&#8243; _module_preset=\u00bbdefault\u00bb header_line_height=\u00bb1.8em\u00bb header_font_size_tablet=\u00bb16px\u00bb header_font_size_phone=\u00bb15px\u00bb header_font_size_last_edited=\u00bbon|tablet\u00bb global_colors_info=\u00bb{}\u00bb sticky_transition=\u00bbon\u00bb]<\/p>\n<p>Igor Landry<\/p>\n<p>[\/et_pb_slide][et_pb_slide heading=\u00bb%22Lorem ipsum dolor sit amet, consectetur adipiscing elit. Donec sed finibus nisi, sed dictum eros. Quisque aliquet velit sit amet sem interdum faucibus. In feugiat aliquet mollis etiam tincidunt ligula.%22&#8243; _builder_version=\u00bb4.19.2&#8243; _module_preset=\u00bbdefault\u00bb header_line_height=\u00bb1.8em\u00bb header_font_size_tablet=\u00bb16px\u00bb header_font_size_phone=\u00bb15px\u00bb header_font_size_last_edited=\u00bbon|tablet\u00bb global_colors_info=\u00bb{}\u00bb sticky_transition=\u00bbon\u00bb]<\/p>\n<p>Igor Landry<\/p>\n<p>[\/et_pb_slide][et_pb_slide heading=\u00bb%22Lorem ipsum dolor sit amet, consectetur adipiscing elit. Donec sed finibus nisi, sed dictum eros. Quisque aliquet velit sit amet sem interdum faucibus. In feugiat aliquet mollis etiam tincidunt ligula.%22&#8243; _builder_version=\u00bb4.19.2&#8243; _module_preset=\u00bbdefault\u00bb header_line_height=\u00bb1.8em\u00bb header_font_size_tablet=\u00bb16px\u00bb header_font_size_phone=\u00bb15px\u00bb header_font_size_last_edited=\u00bbon|tablet\u00bb global_colors_info=\u00bb{}\u00bb sticky_transition=\u00bbon\u00bb]<\/p>\n<p>Igor Landry<\/p>\n<p>[\/et_pb_slide][\/et_pb_slider][\/et_pb_image][\/et_pb_column][et_pb_column type=\u00bb1_3&#8243; _builder_version=\u00bb4.19.2&#8243; _module_preset=\u00bbdefault\u00bb global_colors_info=\u00bb{}\u00bb][et_pb_image src=\u00bbhttps:\/\/autoclass.com.mx\/wp-content\/uploads\/2023\/11\/PXL06512-scaled.jpg\u00bb title_text=\u00bbPXL06512&#8243; _builder_version=\u00bb4.21.0&#8243; _module_preset=\u00bbdefault\u00bb global_colors_info=\u00bb{}\u00bb][\/et_pb_image][\/et_pb_column][\/et_pb_row][et_pb_row _builder_version=\u00bb4.19.2&#8243; _module_preset=\u00bbdefault\u00bb custom_padding=\u00bb0px||0px||true|false\u00bb global_colors_info=\u00bb{}\u00bb][et_pb_column type=\u00bb4_4&#8243; _builder_version=\u00bb4.19.2&#8243; _module_preset=\u00bbdefault\u00bb global_colors_info=\u00bb{}\u00bb][et_pb_divider color=\u00bbrgba(255,255,255,0.1)\u00bb divider_position=\u00bbcenter\u00bb _builder_version=\u00bb4.19.2&#8243; _module_preset=\u00bbdefault\u00bb positioning=\u00bbabsolute\u00bb position_origin_a=\u00bbcenter_left\u00bb width=\u00bb100%\u00bb global_colors_info=\u00bb{}\u00bb][\/et_pb_divider][\/et_pb_column][\/et_pb_row][et_pb_row column_structure=\u00bb1_3,1_3,1_3&#8243; _builder_version=\u00bb4.19.2&#8243; _module_preset=\u00bbdefault\u00bb global_colors_info=\u00bb{}\u00bb][et_pb_column type=\u00bb1_3&#8243; _builder_version=\u00bb4.19.2&#8243; _module_preset=\u00bbdefault\u00bb global_colors_info=\u00bb{}\u00bb][et_pb_text _builder_version=\u00bb4.19.2&#8243; _module_preset=\u00bbbaa073b4-a180-43a0-8ace-d7ecb62801e9&#8243; header_4_text_color=\u00bb#FFFFFF\u00bb custom_margin=\u00bb||10px||false|false\u00bb global_colors_info=\u00bb{}\u00bb]<\/p>\n<h4>AUTOCLASS<\/h4>\n<p>[\/et_pb_text][et_pb_text _builder_version=\u00bb4.19.2&#8243; _module_preset=\u00bb44ba7304-07ec-4369-b140-7d797ddc977a\u00bb text_text_color=\u00bb#FFFFFF\u00bb global_colors_info=\u00bb{}\u00bb]<\/p>\n<p>Marcando la diferencia en el transporte de turismo en renta de autobuses y camionetas a cualquier parte de la Rep\u00fablica Mexicana.<\/p>\n<p>[\/et_pb_text][\/et_pb_column][et_pb_column type=\u00bb1_3&#8243; _builder_version=\u00bb4.19.2&#8243; _module_preset=\u00bbdefault\u00bb global_colors_info=\u00bb{}\u00bb][et_pb_text _builder_version=\u00bb4.21.0&#8243; _module_preset=\u00bbbaa073b4-a180-43a0-8ace-d7ecb62801e9&#8243; header_4_text_color=\u00bb#FFFFFF\u00bb custom_margin=\u00bb||10px||false|false\u00bb locked=\u00bboff\u00bb global_colors_info=\u00bb{}\u00bb]<\/p>\n<h4>Nosotros<\/h4>\n<p>[\/et_pb_text][et_pb_text _builder_version=\u00bb4.21.0&#8243; _module_preset=\u00bb44ba7304-07ec-4369-b140-7d797ddc977a\u00bb text_text_color=\u00bb#FFFFFF\u00bb link_text_color=\u00bb#FFFFFF\u00bb custom_margin=\u00bb||10px||false|false\u00bb locked=\u00bboff\u00bb global_colors_info=\u00bb{}\u00bb]<\/p>\n<p><a href=\"https:\/\/autoclass.com.mx\/index.php\/quienes-somos\/\">\u00bfQui\u00e9nes somos?<\/a><\/p>\n<p>[\/et_pb_text][et_pb_text _builder_version=\u00bb4.21.0&#8243; _module_preset=\u00bb44ba7304-07ec-4369-b140-7d797ddc977a\u00bb text_text_color=\u00bb#FFFFFF\u00bb link_text_color=\u00bb#FFFFFF\u00bb custom_margin=\u00bb||10px||false|false\u00bb locked=\u00bboff\u00bb global_colors_info=\u00bb{}\u00bb]<\/p>\n<p><a href=\"https:\/\/autoclass.com.mx\/index.php\/que-ofrecemos\/\">\u00bfQu\u00e9 ofrecemos?<\/a><\/p>\n<p>[\/et_pb_text][et_pb_text _builder_version=\u00bb4.21.0&#8243; _module_preset=\u00bb44ba7304-07ec-4369-b140-7d797ddc977a\u00bb text_text_color=\u00bb#FFFFFF\u00bb link_text_color=\u00bb#FFFFFF\u00bb custom_margin=\u00bb||10px||false|false\u00bb locked=\u00bboff\u00bb global_colors_info=\u00bb{}\u00bb]<a href=\"https:\/\/autoclass.com.mx\/index.php\/por-que-elegirnos\/\">\u00bfPor qu\u00e9 elegirnos?<\/a>[\/et_pb_text][et_pb_text _builder_version=\u00bb4.21.0&#8243; _module_preset=\u00bb44ba7304-07ec-4369-b140-7d797ddc977a\u00bb text_text_color=\u00bb#FFFFFF\u00bb link_text_color=\u00bb#FFFFFF\u00bb custom_margin=\u00bb||10px||false|false\u00bb locked=\u00bboff\u00bb global_colors_info=\u00bb{}\u00bb]<a href=\"https:\/\/autoclass.com.mx\/index.php\/contacto\/\"> Contacto <\/a>[\/et_pb_text][\/et_pb_column][et_pb_column type=\u00bb1_3&#8243; _builder_version=\u00bb4.19.2&#8243; _module_preset=\u00bbdefault\u00bb global_colors_info=\u00bb{}\u00bb][et_pb_text _builder_version=\u00bb4.21.0&#8243; _module_preset=\u00bbbaa073b4-a180-43a0-8ace-d7ecb62801e9&#8243; header_4_text_color=\u00bb#FFFFFF\u00bb custom_margin=\u00bb||10px||false|false\u00bb locked=\u00bboff\u00bb global_colors_info=\u00bb{}\u00bb]<\/p>\n<h4>Contacto<\/h4>\n<p>[\/et_pb_text][et_pb_text _builder_version=\u00bb4.21.0&#8243; _module_preset=\u00bb44ba7304-07ec-4369-b140-7d797ddc977a\u00bb text_text_color=\u00bb#FFFFFF\u00bb link_text_color=\u00bb#FFFFFF\u00bb custom_margin=\u00bb||10px||false|false\u00bb locked=\u00bboff\u00bb global_colors_info=\u00bb{}\u00bb]<a href=\"https:\/\/maps.app.goo.gl\/y1HetmmsusaVMHGo9\">Av. Mahatma Gandhi #337<br \/>\nCol. Agricultura<br \/>\nC.P. 20234<br \/>\nAguascalientes, Ags.<\/a>[\/et_pb_text][et_pb_text _builder_version=\u00bb4.21.0&#8243; _module_preset=\u00bb44ba7304-07ec-4369-b140-7d797ddc977a\u00bb text_text_color=\u00bb#FFFFFF\u00bb link_text_color=\u00bb#FFFFFF\u00bb custom_margin=\u00bb||10px||false|false\u00bb locked=\u00bboff\u00bb global_colors_info=\u00bb{}\u00bb]Tel\u00e9fonos<br \/>\n(449) 978 46 26<br \/>\n(449) 978 85 05[\/et_pb_text][et_pb_text _builder_version=\u00bb4.21.0&#8243; _module_preset=\u00bb44ba7304-07ec-4369-b140-7d797ddc977a\u00bb text_text_color=\u00bb#FFFFFF\u00bb link_text_color=\u00bb#FFFFFF\u00bb custom_margin=\u00bb||10px||false|false\u00bb locked=\u00bboff\u00bb global_colors_info=\u00bb{}\u00bb]<a href=\"https:\/\/www.facebook.com\/autoclassturismo\">Facebook<\/a>[\/et_pb_text][\/et_pb_column][\/et_pb_row][\/et_pb_section]<\/p>\n","protected":false},"excerpt":{"rendered":"<p>\u00bfQu\u00e9 ofrecemos?Nuestro objetivo es crear soluciones de transportaci\u00f3n de acuerdo con los requerimientos del cliente. &nbsp;VIAJES ESPECIALESContr\u00e1tenos para sus viajes familiares, excursiones, viajes escolares, visitas for\u00e1neas, etc. Viaje seguro con servicio de primera.Nuestra FlotaCon una flota moderna y totalmente equipada, le brindamos la mayor comodidad y seguridad en todos sus viajes.* Todas nuestras unidades cuentan [&hellip;]<\/p>\n","protected":false},"author":1,"featured_media":0,"parent":0,"menu_order":0,"comment_status":"closed","ping_status":"closed","template":"","meta":{"_et_pb_use_builder":"on","_et_pb_old_content":"<!-- wp:divi\/placeholder \/-->","_et_gb_content_width":"","footnotes":""},"class_list":["post-93","page","type-page","status-publish","hentry"],"_links":{"self":[{"href":"https:\/\/autoclass.com.mx\/index.php\/wp-json\/wp\/v2\/pages\/93","targetHints":{"allow":["GET"]}}],"collection":[{"href":"https:\/\/autoclass.com.mx\/index.php\/wp-json\/wp\/v2\/pages"}],"about":[{"href":"https:\/\/autoclass.com.mx\/index.php\/wp-json\/wp\/v2\/types\/page"}],"author":[{"embeddable":true,"href":"https:\/\/autoclass.com.mx\/index.php\/wp-json\/wp\/v2\/users\/1"}],"replies":[{"embeddable":true,"href":"https:\/\/autoclass.com.mx\/index.php\/wp-json\/wp\/v2\/comments?post=93"}],"version-history":[{"count":8,"href":"https:\/\/autoclass.com.mx\/index.php\/wp-json\/wp\/v2\/pages\/93\/revisions"}],"predecessor-version":[{"id":250,"href":"https:\/\/autoclass.com.mx\/index.php\/wp-json\/wp\/v2\/pages\/93\/revisions\/250"}],"wp:attachment":[{"href":"https:\/\/autoclass.com.mx\/index.php\/wp-json\/wp\/v2\/media?parent=93"}],"curies":[{"name":"wp","href":"https:\/\/api.w.org\/{rel}","templated":true}]}}